{"id":82,"date":"2016-12-14T14:33:30","date_gmt":"2016-12-14T13:33:30","guid":{"rendered":"http:\/\/127.0.0.1\/cmht\/?page_id=82"},"modified":"2024-01-05T15:59:43","modified_gmt":"2024-01-05T14:59:43","slug":"navette-cmht","status":"publish","type":"page","link":"https:\/\/www.cmht.asso.fr\/index.php\/navette-cmht\/","title":{"rendered":"Navette CMHT"},"content":{"rendered":"<div style=\"text-align: justify;\">\n<p>Le CMHT assure un service de navette entre le ponton du club et les bateaux au mouillage dans la baie de Txingudi.Ce service de passage est r\u00e9serv\u00e9 aux propri\u00e9taires de bateaux sur mouillages et \u00e0 leurs \u00e9quipiers, nomm\u00e9ment d\u00e9sign\u00e9s, membres du CMHT et \u00e0 jour de leurs cotisations.<\/p>\n<\/div>\n<p style=\"text-align: justify;\">Les horaires de la navette sont affich\u00e9s au club et figurent \u00e9galement sur l&rsquo;<strong><a href=\"https:\/\/www.cmht.asso.fr\/index.php\/accueil\/\">agenda<\/a>\u00a0<\/strong>du CMHT.<img loading=\"lazy\" decoding=\"async\" class=\"size-medium wp-image-491 alignright\" src=\"https:\/\/www.cmht.asso.fr\/wp-content\/uploads\/2016\/12\/navette-300x168.jpg\" alt=\"navette\" width=\"300\" height=\"168\" srcset=\"https:\/\/www.cmht.asso.fr\/wp-content\/uploads\/2016\/12\/navette-300x168.jpg 300w, https:\/\/www.cmht.asso.fr\/wp-content\/uploads\/2016\/12\/navette.jpg 400w\" sizes=\"auto, (max-width: 300px) 100vw, 300px\" \/><\/p>\n<p style=\"text-align: justify;\">Toute modification sera signal\u00e9e par voie d\u2019affichage au bureau du club, au ponton et sur www.cmht.asso.fr.<\/p>\n<p><img loading=\"lazy\" decoding=\"async\" class=\"size-medium wp-image-1513 alignright\" src=\"https:\/\/www.cmht.asso.fr\/wp-content\/uploads\/2022\/10\/20221022_130808-300x225.jpg\" alt=\"\" width=\"300\" height=\"225\" srcset=\"https:\/\/www.cmht.asso.fr\/wp-content\/uploads\/2022\/10\/20221022_130808-300x225.jpg 300w, https:\/\/www.cmht.asso.fr\/wp-content\/uploads\/2022\/10\/20221022_130808-1024x768.jpg 1024w, https:\/\/www.cmht.asso.fr\/wp-content\/uploads\/2022\/10\/20221022_130808-768x576.jpg 768w, https:\/\/www.cmht.asso.fr\/wp-content\/uploads\/2022\/10\/20221022_130808-1536x1152.jpg 1536w, https:\/\/www.cmht.asso.fr\/wp-content\/uploads\/2022\/10\/20221022_130808-2048x1536.jpg 2048w, https:\/\/www.cmht.asso.fr\/wp-content\/uploads\/2022\/10\/20221022_130808-scaled-2000x1500.jpg 2000w\" sizes=\"auto, (max-width: 300px) 100vw, 300px\" \/><\/p>\n<p class=\"texte\" style=\"text-align: justify;\">Principe d\u2019utilisation de la navette (capacit\u00e9 de transport maximum 11 passagers) :<\/p>\n<p class=\"texte\" style=\"text-align: justify;\"><b>Au d\u00e9part :<\/b><\/p>\n<p class=\"texte\" style=\"text-align: justify;\">&#8211; Eviter, tant que faire ce peut, les d\u00e9parts en nombre du ponton vers un m\u00eame bateau, les \u00e9taler ou envoyer des \u00e9quipiers (2 ou 3) r\u00e9cup\u00e9rer le bateau pour venir prendre le reste de l\u2019\u00e9quipage au ponton.<\/p>\n<p style=\"text-align: justify;\"><span class=\"texte\"><b>Au retour :<\/b><\/span><\/p>\n<p class=\"texte\" style=\"text-align: justify;\">&#8211; D\u00e9barquer au ponton \u00e9quipage et mat\u00e9riel afin de n\u2019\u00eatre qu\u2019un minimum (2 ou 3) \u00e0 revenir par la navette afin de ne pas p\u00e9naliser les autres usagers.<\/p>\n<p class=\"texte\" style=\"text-align: justify;\">Si la courtoisie ou le bon sens ne venait pas \u00e0 suffire pour faire respecter les principes \u00e9dict\u00e9s ci-dessus, les navettistes du CMHT, seront en droit de les faire appliquer.<\/p>\n","protected":false},"excerpt":{"rendered":"<p>Le CMHT assure un service de navette entre le ponton du club et les bateaux au mouillage dans la baie de Txingudi.Ce service de passage est r\u00e9serv\u00e9 aux propri\u00e9taires de bateaux sur mouillages et \u00e0 leurs \u00e9quipiers, nomm\u00e9ment d\u00e9sign\u00e9s, membres du CMHT et \u00e0 jour de leurs cotisations. Les horaires de la navette sont affich\u00e9s &hellip; <\/p>\n<p class=\"link-more\"><a href=\"https:\/\/www.cmht.asso.fr\/index.php\/navette-cmht\/\" class=\"more-link\">Lire la suite de<span class=\"screen-reader-text\">\u00ab\u00a0Navette CMHT\u00a0\u00bb<\/span><\/a><\/p>\n","protected":false},"author":1,"featured_media":1513,"parent":0,"menu_order":0,"comment_status":"closed","ping_status":"closed","template":"","meta":{"footnotes":""},"class_list":["post-82","page","type-page","status-publish","has-post-thumbnail","hentry"],"_links":{"self":[{"href":"https:\/\/www.cmht.asso.fr\/index.php\/wp-json\/wp\/v2\/pages\/82","targetHints":{"allow":["GET"]}}],"collection":[{"href":"https:\/\/www.cmht.asso.fr\/index.php\/wp-json\/wp\/v2\/pages"}],"about":[{"href":"https:\/\/www.cmht.asso.fr\/index.php\/wp-json\/wp\/v2\/types\/page"}],"author":[{"embeddable":true,"href":"https:\/\/www.cmht.asso.fr\/index.php\/wp-json\/wp\/v2\/users\/1"}],"replies":[{"embeddable":true,"href":"https:\/\/www.cmht.asso.fr\/index.php\/wp-json\/wp\/v2\/comments?post=82"}],"version-history":[{"count":9,"href":"https:\/\/www.cmht.asso.fr\/index.php\/wp-json\/wp\/v2\/pages\/82\/revisions"}],"predecessor-version":[{"id":1788,"href":"https:\/\/www.cmht.asso.fr\/index.php\/wp-json\/wp\/v2\/pages\/82\/revisions\/1788"}],"wp:featuredmedia":[{"embeddable":true,"href":"https:\/\/www.cmht.asso.fr\/index.php\/wp-json\/wp\/v2\/media\/1513"}],"wp:attachment":[{"href":"https:\/\/www.cmht.asso.fr\/index.php\/wp-json\/wp\/v2\/media?parent=82"}],"curies":[{"name":"wp","href":"https:\/\/api.w.org\/{rel}","templated":true}]}}