{"id":80,"date":"2016-12-14T14:31:25","date_gmt":"2016-12-14T13:31:25","guid":{"rendered":"http:\/\/127.0.0.1\/cmht\/?page_id=80"},"modified":"2016-12-14T14:31:25","modified_gmt":"2016-12-14T13:31:25","slug":"mouillages","status":"publish","type":"page","link":"https:\/\/www.cmht.asso.fr\/index.php\/mouillages\/","title":{"rendered":"Mouillages"},"content":{"rendered":"<p><strong>Les mouillages forains en baie de Txingudi<\/strong><\/p>\n<p><span class=\"texte\">Les formalit\u00e9s et d\u00e9marches administratives sont \u00e0 effectuer aupr\u00e8s de la <strong><em>D\u00e9l\u00e9gation \u00e0 la mer et au littoral<\/em><\/strong> : <\/span><\/p>\n<p><span class=\"texte\"><strong>19 avenue de l&rsquo;Adour<\/strong><\/span><br \/>\n<strong>CS 80331<\/strong><br \/>\n<strong> 64600 ANGLET<\/strong><br \/>\n<strong> Tel : 05 59 52 59 70<\/strong><br \/>\n<strong> Fax : 05 59 63 08 57<\/strong><br \/>\n<strong> ddtm-dml@pyrenees-atlantiques.gouv.fr<\/strong><br \/>\n<em>accueil du public : lundi, mardi, jeudi et vendredi de 8h30 \u00e0 12h00 et de 13h30 \u00e0 16h15<\/em><\/p>\n<p>Permanences dans les locaux du port de Sokoburu le mardi de 10h00 \u00e0 12h00<\/p>\n<p><strong><span class=\"texte\">Aupr\u00e8s du CMHT vous devrez vous acquitter d&rsquo;un droit d&rsquo;entr\u00e9e ainsi que<\/span>\u00a0de\u00a0<span style=\"color: #000000;\"><a class=\"lienpage\" style=\"color: #000000;\" href=\"https:\/\/www.cmht.asso.fr\/index.php?nav=0&amp;rub=0&amp;art=100_tarifs\">votre cotisation annuelle<\/a><\/span>.<\/strong><\/p>\n<p><strong>Vous fabriquerez ou ach\u00e8terez un mouillage.<\/strong><\/p>\n","protected":false},"excerpt":{"rendered":"<p>Les mouillages forains en baie de Txingudi Les formalit\u00e9s et d\u00e9marches administratives sont \u00e0 effectuer aupr\u00e8s de la D\u00e9l\u00e9gation \u00e0 la mer et au littoral : 19 avenue de l&rsquo;Adour CS 80331 64600 ANGLET Tel : 05 59 52 59 70 Fax : 05 59 63 08 57 ddtm-dml@pyrenees-atlantiques.gouv.fr accueil du public : lundi, mardi, &hellip; <\/p>\n<p class=\"link-more\"><a href=\"https:\/\/www.cmht.asso.fr\/index.php\/mouillages\/\" class=\"more-link\">Lire la suite de<span class=\"screen-reader-text\">\u00ab\u00a0Mouillages\u00a0\u00bb<\/span><\/a><\/p>\n","protected":false},"author":1,"featured_media":0,"parent":0,"menu_order":0,"comment_status":"closed","ping_status":"closed","template":"","meta":{"footnotes":""},"class_list":["post-80","page","type-page","status-publish","hentry"],"_links":{"self":[{"href":"https:\/\/www.cmht.asso.fr\/index.php\/wp-json\/wp\/v2\/pages\/80","targetHints":{"allow":["GET"]}}],"collection":[{"href":"https:\/\/www.cmht.asso.fr\/index.php\/wp-json\/wp\/v2\/pages"}],"about":[{"href":"https:\/\/www.cmht.asso.fr\/index.php\/wp-json\/wp\/v2\/types\/page"}],"author":[{"embeddable":true,"href":"https:\/\/www.cmht.asso.fr\/index.php\/wp-json\/wp\/v2\/users\/1"}],"replies":[{"embeddable":true,"href":"https:\/\/www.cmht.asso.fr\/index.php\/wp-json\/wp\/v2\/comments?post=80"}],"version-history":[{"count":1,"href":"https:\/\/www.cmht.asso.fr\/index.php\/wp-json\/wp\/v2\/pages\/80\/revisions"}],"predecessor-version":[{"id":81,"href":"https:\/\/www.cmht.asso.fr\/index.php\/wp-json\/wp\/v2\/pages\/80\/revisions\/81"}],"wp:attachment":[{"href":"https:\/\/www.cmht.asso.fr\/index.php\/wp-json\/wp\/v2\/media?parent=80"}],"curies":[{"name":"wp","href":"https:\/\/api.w.org\/{rel}","templated":true}]}}