{"id":64,"date":"2016-12-14T14:10:37","date_gmt":"2016-12-14T13:10:37","guid":{"rendered":"http:\/\/127.0.0.1\/cmht\/?page_id=64"},"modified":"2024-01-05T15:50:51","modified_gmt":"2024-01-05T14:50:51","slug":"ecole-de-peche-en-mer","status":"publish","type":"page","link":"https:\/\/www.cmht.asso.fr\/index.php\/ecole-de-peche-en-mer\/","title":{"rendered":"Ecole de p\u00eache en mer"},"content":{"rendered":"<p><span class=\"texte\"><b class=\"Mtitre\">LES OBJECTIFS<\/b><\/span><\/p>\n<ol>\n<li class=\"texte\">Apprendre la p\u00eache \u00e0 soutenir \u00e0 bord d\u2019un bateau.<\/li>\n<li class=\"texte\">Apprendre les r\u00e8gles f\u00e9d\u00e9rales de p\u00eache \u00e0 soutenir.<\/li>\n<li class=\"texte\">Conna\u00eetre le bateau.<img loading=\"lazy\" decoding=\"async\" class=\"size-medium wp-image-200 alignright\" src=\"https:\/\/www.cmht.asso.fr\/wp-content\/uploads\/2016\/12\/271114ecolepm06-225x300.jpg\" alt=\"\" width=\"225\" height=\"300\" srcset=\"https:\/\/www.cmht.asso.fr\/wp-content\/uploads\/2016\/12\/271114ecolepm06-225x300.jpg 225w, https:\/\/www.cmht.asso.fr\/wp-content\/uploads\/2016\/12\/271114ecolepm06.jpg 450w\" sizes=\"auto, (max-width: 225px) 100vw, 225px\" \/><\/li>\n<li class=\"texte\">Conna\u00eetre et appliquer les consignes de s\u00e9curit\u00e9 en mer.<\/li>\n<li class=\"texte\">Apprendre des notions de M\u00e9t\u00e9o Marine.<\/li>\n<li class=\"texte\">Apprendre \u00e0 naviguer.<\/li>\n<li class=\"texte\">Les aides \u00e0 la navigation et \u00e0 la p\u00eache.<\/li>\n<li class=\"texte\">Conna\u00eetre la faune marine.<\/li>\n<li class=\"texte\">Conna\u00eetre mon club, LE CLUB MARITIME HENDAYE TXINGUDY. (C.M.H.T.).<\/li>\n<li class=\"texte\">Conna\u00eetre la F\u00e9d\u00e9ration Fran\u00e7aise de P\u00eache en mer. (F.F.P.M).<\/li>\n<\/ol>\n<p><b><span class=\"Mtitre\">LA PECHE A SOUTENIR A BORD D&rsquo;UN BATEAU<\/span><\/b><\/p>\n<ol type=\"A\">\n<li class=\"texte\">le mat\u00e9riel<\/li>\n<li class=\"texte\">les montages<\/li>\n<li class=\"texte\">les app\u00e2ts<\/li>\n<li class=\"texte\">le r\u00e8glement f\u00e9d\u00e9ral FFPM<\/li>\n<li class=\"texte\">la taille des poissons<\/li>\n<li class=\"texte\">le bateau<\/li>\n<\/ol>\n<p><img loading=\"lazy\" decoding=\"async\" class=\"aligncenter wp-image-65 size-full\" src=\"https:\/\/www.cmht.asso.fr\/wp-content\/uploads\/2016\/12\/FFPM.jpg\" width=\"150\" height=\"135\" \/><\/p>\n","protected":false},"excerpt":{"rendered":"<p>LES OBJECTIFS Apprendre la p\u00eache \u00e0 soutenir \u00e0 bord d\u2019un bateau. Apprendre les r\u00e8gles f\u00e9d\u00e9rales de p\u00eache \u00e0 soutenir. Conna\u00eetre le bateau. Conna\u00eetre et appliquer les consignes de s\u00e9curit\u00e9 en mer. Apprendre des notions de M\u00e9t\u00e9o Marine. Apprendre \u00e0 naviguer. Les aides \u00e0 la navigation et \u00e0 la p\u00eache. Conna\u00eetre la faune marine. Conna\u00eetre mon &hellip; <\/p>\n<p class=\"link-more\"><a href=\"https:\/\/www.cmht.asso.fr\/index.php\/ecole-de-peche-en-mer\/\" class=\"more-link\">Lire la suite de<span class=\"screen-reader-text\">\u00ab\u00a0Ecole de p\u00eache en mer\u00a0\u00bb<\/span><\/a><\/p>\n","protected":false},"author":1,"featured_media":635,"parent":0,"menu_order":0,"comment_status":"closed","ping_status":"closed","template":"","meta":{"footnotes":""},"class_list":["post-64","page","type-page","status-publish","has-post-thumbnail","hentry"],"_links":{"self":[{"href":"https:\/\/www.cmht.asso.fr\/index.php\/wp-json\/wp\/v2\/pages\/64","targetHints":{"allow":["GET"]}}],"collection":[{"href":"https:\/\/www.cmht.asso.fr\/index.php\/wp-json\/wp\/v2\/pages"}],"about":[{"href":"https:\/\/www.cmht.asso.fr\/index.php\/wp-json\/wp\/v2\/types\/page"}],"author":[{"embeddable":true,"href":"https:\/\/www.cmht.asso.fr\/index.php\/wp-json\/wp\/v2\/users\/1"}],"replies":[{"embeddable":true,"href":"https:\/\/www.cmht.asso.fr\/index.php\/wp-json\/wp\/v2\/comments?post=64"}],"version-history":[{"count":5,"href":"https:\/\/www.cmht.asso.fr\/index.php\/wp-json\/wp\/v2\/pages\/64\/revisions"}],"predecessor-version":[{"id":1781,"href":"https:\/\/www.cmht.asso.fr\/index.php\/wp-json\/wp\/v2\/pages\/64\/revisions\/1781"}],"wp:featuredmedia":[{"embeddable":true,"href":"https:\/\/www.cmht.asso.fr\/index.php\/wp-json\/wp\/v2\/media\/635"}],"wp:attachment":[{"href":"https:\/\/www.cmht.asso.fr\/index.php\/wp-json\/wp\/v2\/media?parent=64"}],"curies":[{"name":"wp","href":"https:\/\/api.w.org\/{rel}","templated":true}]}}