{"id":59,"date":"2016-12-14T13:54:08","date_gmt":"2016-12-14T12:54:08","guid":{"rendered":"http:\/\/127.0.0.1\/cmht\/?page_id=59"},"modified":"2021-02-16T11:37:31","modified_gmt":"2021-02-16T10:37:31","slug":"59-2","status":"publish","type":"page","link":"https:\/\/www.cmht.asso.fr\/index.php\/59-2\/","title":{"rendered":"Cotisations club"},"content":{"rendered":"<p><strong>Droit d&rsquo;entr\u00e9e<\/strong><\/p>\n<table width=\"338\">\n<tbody>\n<tr>\n<td width=\"258\">Propri\u00e9taire bateau<\/td>\n<td style=\"text-align: right;\" width=\"80\">\u00a0\u00a0\u00a0\u00a0 309,00 \u20ac<\/td>\n<\/tr>\n<\/tbody>\n<\/table>\n<p><strong>Cotisations annuelles<\/strong><\/p>\n<table width=\"338\">\n<tbody>\n<tr>\n<td width=\"258\">Equipier<\/td>\n<td style=\"text-align: right;\" width=\"80\">\u00a0\u00a0\u00a0\u00a0\u00a0\u00a0 85,00 \u20ac<\/td>\n<\/tr>\n<tr>\n<td>Equipier de 18 \u00e0 25 ans<\/td>\n<td style=\"text-align: right;\">\u00a0 \u00a0 \u00a0 \u00a041,00 \u20ac<\/td>\n<\/tr>\n<tr>\n<td>Equipier de 16 \u00e0 18 ans<\/td>\n<td style=\"text-align: right;\">\u00a0 \u00a0 \u00a0 \u00a010,00 \u20ac<\/td>\n<\/tr>\n<tr>\n<td>Equipier de moins de 16 ans<\/td>\n<td style=\"text-align: right;\">\u00a0\u00a0\u00a0\u00a0\u00a0\u00a0\u00a0 5,00 \u20ac<\/td>\n<\/tr>\n<tr>\n<td>Propri\u00e9taire bateau Association (3 cartes nominatives)<\/td>\n<td style=\"text-align: right;\">\u00a0\u00a0\u00a0\u00a0 489,00 \u20ac<\/td>\n<\/tr>\n<tr>\n<td>Propri\u00e9taire bateau hors plan d&rsquo;eau<\/td>\n<td style=\"text-align: right;\">\u00a0\u00a0\u00a0\u00a0\u00a0\u00a0 69,00 \u20ac<\/td>\n<\/tr>\n<tr>\n<td>Propri\u00e9taire bateau r\u00e9sidant \u00e0 Hendaye<\/td>\n<td style=\"text-align: right;\">\u00a0\u00a0\u00a0\u00a0 267,00 \u20ac<\/td>\n<\/tr>\n<tr>\n<td>Propri\u00e9taire bateau r\u00e9sidant hors commune Hendaye<\/td>\n<td style=\"text-align: right;\">\u00a0\u00a0\u00a0\u00a0 318,00 \u20ac<\/td>\n<\/tr>\n<\/tbody>\n<\/table>\n<p><strong>Services<\/strong><\/p>\n<table width=\"338\">\n<tbody>\n<tr>\n<td width=\"258\">Douche<\/td>\n<td style=\"text-align: right;\" width=\"80\">1,00 \u20ac<\/td>\n<\/tr>\n<tr>\n<td>Machine \u00e0 laver<\/td>\n<td style=\"text-align: right;\">3,00 \u20ac<\/td>\n<\/tr>\n<tr>\n<td>Ob\u00e9lix (engin de levage pour positionner et v\u00e9rifier les mouillages &#8211; sur r\u00e9servation et une caution de 100,00\u20ac)<\/td>\n<td style=\"text-align: right;\">0,00 \u20ac<\/td>\n<\/tr>\n<\/tbody>\n<\/table>\n","protected":false},"excerpt":{"rendered":"<p>Droit d&rsquo;entr\u00e9e Propri\u00e9taire bateau \u00a0\u00a0\u00a0\u00a0 309,00 \u20ac Cotisations annuelles Equipier \u00a0\u00a0\u00a0\u00a0\u00a0\u00a0 85,00 \u20ac Equipier de 18 \u00e0 25 ans \u00a0 \u00a0 \u00a0 \u00a041,00 \u20ac Equipier de 16 \u00e0 18 ans \u00a0 \u00a0 \u00a0 \u00a010,00 \u20ac Equipier de moins de 16 ans \u00a0\u00a0\u00a0\u00a0\u00a0\u00a0\u00a0 5,00 \u20ac Propri\u00e9taire bateau Association (3 cartes nominatives) \u00a0\u00a0\u00a0\u00a0 489,00 \u20ac Propri\u00e9taire bateau &hellip; <\/p>\n<p class=\"link-more\"><a href=\"https:\/\/www.cmht.asso.fr\/index.php\/59-2\/\" class=\"more-link\">Lire la suite de<span class=\"screen-reader-text\">\u00ab\u00a0Cotisations club\u00a0\u00bb<\/span><\/a><\/p>\n","protected":false},"author":1,"featured_media":0,"parent":0,"menu_order":0,"comment_status":"closed","ping_status":"closed","template":"","meta":{"footnotes":""},"class_list":["post-59","page","type-page","status-publish","hentry"],"_links":{"self":[{"href":"https:\/\/www.cmht.asso.fr\/index.php\/wp-json\/wp\/v2\/pages\/59","targetHints":{"allow":["GET"]}}],"collection":[{"href":"https:\/\/www.cmht.asso.fr\/index.php\/wp-json\/wp\/v2\/pages"}],"about":[{"href":"https:\/\/www.cmht.asso.fr\/index.php\/wp-json\/wp\/v2\/types\/page"}],"author":[{"embeddable":true,"href":"https:\/\/www.cmht.asso.fr\/index.php\/wp-json\/wp\/v2\/users\/1"}],"replies":[{"embeddable":true,"href":"https:\/\/www.cmht.asso.fr\/index.php\/wp-json\/wp\/v2\/comments?post=59"}],"version-history":[{"count":8,"href":"https:\/\/www.cmht.asso.fr\/index.php\/wp-json\/wp\/v2\/pages\/59\/revisions"}],"predecessor-version":[{"id":1081,"href":"https:\/\/www.cmht.asso.fr\/index.php\/wp-json\/wp\/v2\/pages\/59\/revisions\/1081"}],"wp:attachment":[{"href":"https:\/\/www.cmht.asso.fr\/index.php\/wp-json\/wp\/v2\/media?parent=59"}],"curies":[{"name":"wp","href":"https:\/\/api.w.org\/{rel}","templated":true}]}}