{"id":49,"date":"2016-12-14T11:51:54","date_gmt":"2016-12-14T10:51:54","guid":{"rendered":"http:\/\/127.0.0.1\/cmht\/?page_id=49"},"modified":"2024-01-05T15:48:58","modified_gmt":"2024-01-05T14:48:58","slug":"49-2","status":"publish","type":"page","link":"https:\/\/www.cmht.asso.fr\/index.php\/49-2\/","title":{"rendered":"Club house"},"content":{"rendered":"<p style=\"text-align: left;\"><strong>LA MAISON DU PORT<\/strong><\/p>\n<p style=\"text-align: justify;\">Le Club Maritime de Hendaye Txingudi met \u00e0 la disposition de tous ses adh\u00e9rents un v\u00e9ritable club-house construit par la mairie d&rsquo;HENDAYE en 1999.<img loading=\"lazy\" decoding=\"async\" class=\"wp-image-51 size-medium alignright\" src=\"https:\/\/www.cmht.asso.fr\/wp-content\/uploads\/2016\/12\/house_cmht-300x119.jpg\" width=\"300\" height=\"119\" srcset=\"https:\/\/www.cmht.asso.fr\/wp-content\/uploads\/2016\/12\/house_cmht-300x119.jpg 300w, https:\/\/www.cmht.asso.fr\/wp-content\/uploads\/2016\/12\/house_cmht.jpg 386w\" sizes=\"auto, (max-width: 300px) 100vw, 300px\" \/><\/p>\n<p style=\"text-align: left;\">Le club house comprend :<\/p>\n<ul>\n<li style=\"text-align: left;\">1 hall d&rsquo;accueil<\/li>\n<li style=\"text-align: left;\">1 secr\u00e9tariat<img loading=\"lazy\" decoding=\"async\" class=\"wp-image-53 size-full alignright\" src=\"https:\/\/www.cmht.asso.fr\/wp-content\/uploads\/2016\/12\/salle.jpg\" width=\"252\" height=\"189\" \/><\/li>\n<li style=\"text-align: left;\">1 salle de r\u00e9union<\/li>\n<li style=\"text-align: left;\">1 terrasse panoramique<\/li>\n<li style=\"text-align: left;\">1 cuisine<\/li>\n<\/ul>\n<p><img loading=\"lazy\" decoding=\"async\" class=\"wp-image-52 size-medium alignnone\" src=\"https:\/\/www.cmht.asso.fr\/wp-content\/uploads\/2016\/12\/mouillages-300x124.jpg\" width=\"300\" height=\"124\" srcset=\"https:\/\/www.cmht.asso.fr\/wp-content\/uploads\/2016\/12\/mouillages-300x124.jpg 300w, https:\/\/www.cmht.asso.fr\/wp-content\/uploads\/2016\/12\/mouillages.jpg 534w\" sizes=\"auto, (max-width: 300px) 100vw, 300px\" \/><\/p>\n<ul>\n<li style=\"text-align: left;\">2 r\u00e9serves<\/li>\n<li style=\"text-align: left;\">1 ensemble sanitaires (wc, douches et lave-linge)<\/li>\n<li style=\"text-align: left;\">1 chai de p\u00eacheur (ind\u00e9pendant)<\/li>\n<\/ul>\n","protected":false},"excerpt":{"rendered":"<p>LA MAISON DU PORT Le Club Maritime de Hendaye Txingudi met \u00e0 la disposition de tous ses adh\u00e9rents un v\u00e9ritable club-house construit par la mairie d&rsquo;HENDAYE en 1999. Le club house comprend : 1 hall d&rsquo;accueil 1 secr\u00e9tariat 1 salle de r\u00e9union 1 terrasse panoramique 1 cuisine 2 r\u00e9serves 1 ensemble sanitaires (wc, douches et &hellip; <\/p>\n<p class=\"link-more\"><a href=\"https:\/\/www.cmht.asso.fr\/index.php\/49-2\/\" class=\"more-link\">Lire la suite de<span class=\"screen-reader-text\">\u00ab\u00a0Club house\u00a0\u00bb<\/span><\/a><\/p>\n","protected":false},"author":1,"featured_media":51,"parent":0,"menu_order":0,"comment_status":"closed","ping_status":"closed","template":"","meta":{"footnotes":""},"class_list":["post-49","page","type-page","status-publish","has-post-thumbnail","hentry"],"_links":{"self":[{"href":"https:\/\/www.cmht.asso.fr\/index.php\/wp-json\/wp\/v2\/pages\/49","targetHints":{"allow":["GET"]}}],"collection":[{"href":"https:\/\/www.cmht.asso.fr\/index.php\/wp-json\/wp\/v2\/pages"}],"about":[{"href":"https:\/\/www.cmht.asso.fr\/index.php\/wp-json\/wp\/v2\/types\/page"}],"author":[{"embeddable":true,"href":"https:\/\/www.cmht.asso.fr\/index.php\/wp-json\/wp\/v2\/users\/1"}],"replies":[{"embeddable":true,"href":"https:\/\/www.cmht.asso.fr\/index.php\/wp-json\/wp\/v2\/comments?post=49"}],"version-history":[{"count":6,"href":"https:\/\/www.cmht.asso.fr\/index.php\/wp-json\/wp\/v2\/pages\/49\/revisions"}],"predecessor-version":[{"id":1787,"href":"https:\/\/www.cmht.asso.fr\/index.php\/wp-json\/wp\/v2\/pages\/49\/revisions\/1787"}],"wp:featuredmedia":[{"embeddable":true,"href":"https:\/\/www.cmht.asso.fr\/index.php\/wp-json\/wp\/v2\/media\/51"}],"wp:attachment":[{"href":"https:\/\/www.cmht.asso.fr\/index.php\/wp-json\/wp\/v2\/media?parent=49"}],"curies":[{"name":"wp","href":"https:\/\/api.w.org\/{rel}","templated":true}]}}