{"id":47,"date":"2016-12-14T11:38:50","date_gmt":"2016-12-14T10:38:50","guid":{"rendered":"http:\/\/127.0.0.1\/cmht\/?page_id=47"},"modified":"2017-03-04T14:54:57","modified_gmt":"2017-03-04T13:54:57","slug":"certificat-restreint-de-radiotelephoniste","status":"publish","type":"page","link":"https:\/\/www.cmht.asso.fr\/index.php\/certificat-restreint-de-radiotelephoniste\/","title":{"rendered":"Certificat restreint de radiot\u00e9l\u00e9phoniste"},"content":{"rendered":"<p><span style=\"color: #000000;\"><b><span class=\"texte\">Cette formation est exclusivement r\u00e9serv\u00e9 aux membres du C.M.H.T.<\/span><\/b><\/span><\/p>\n<p class=\"texte\" style=\"text-align: justify;\"><span style=\"color: #000000;\"><strong>INSCRIPTIONS<\/strong><br \/>\nAu secr\u00e9tariat du CMHT T\u00e9l : 05 59 20 03 02<\/span><\/p>\n<p class=\"texte\" style=\"text-align: justify;\"><span style=\"color: #000000;\"><strong>PREPARATION A L\u2019EXAMEN DU C.R.R.<\/strong><br \/>\nCette formation est purement th\u00e9orique.<br \/>\nLes cours se d\u00e9roulent dans les locaux du CMHT et d\u00e9butent le premier vendredi du mois d\u2019avril.<br \/>\nLa dur\u00e9e moyenne de cette formation est de deux mois \u00e0 raison d\u2019un cours par semaine tous les vendredi soirs de 18h30 \u00e0 20h.<\/span><\/p>\n<p class=\"texte\" style=\"text-align: justify;\"><span style=\"color: #000000;\"><strong>DOCUMENTATION<\/strong><br \/>\nLes supports de cours peuvent \u00eatre fournis par le club contre 6 \u20ac ou directement sur le site de l\u2019 <a class=\"lienpage_2\" style=\"color: #000000;\" href=\"http:\/\/www.anfr.fr\/\">ANFR<\/a> .<br \/>\nLe manuel de formation de 68 page peut \u00eatre t\u00e9l\u00e9charg\u00e9 et imprim\u00e9 \u00e0 l\u2019adresse d\u00e9taill\u00e9e suivante : <a class=\"lienpage_2\" style=\"color: #000000;\" href=\"http:\/\/www.anfr.fr\/fileadmin\/mediatheque\/documents\/radiomaritime\/manuel_crr.pdf\">MANUEL CRR<\/a> .<br \/>\nIl existe un code en vente dans le commerce qui peux fournir un bon compl\u00e9ment d\u2019information mais plus complexe que le manuel en ligne de l\u2019ANFR.<br \/>\nLa composition du dossier et la participation aux frais s\u2019\u00e9l\u00e8ve \u00e0 10 \u20ac.<\/span><\/p>\n<p class=\"texte\" style=\"text-align: justify;\"><span style=\"color: #000000;\"><strong>COMPOSITION DU DOSSIER<\/strong><\/span><\/p>\n<p class=\"texte\" style=\"text-align: justify;\"><span style=\"color: #000000;\">&#8211;\u00a0Composition du dossier et participation aux frais (90,00 \u20ac + timbres fiscaux) \u00e0 voir avec le secr\u00e9tariat du CMHT.<br \/>\n&#8211; Un bulletin d\u2019inscription au CRR maritime (secr\u00e9tariat).<br \/>\n&#8211; Une photocopie recto verso de la carte d\u2019identit\u00e9 (passeport ou permis de conduire).<br \/>\n&#8211; Deux photos d\u2019identit\u00e9 r\u00e9centes.<\/span><\/p>\n<p class=\"texte\" style=\"text-align: justify;\"><span style=\"color: #000000;\"><strong>L\u2019EXAMEN<\/strong><br \/>\nL\u2019examen se d\u00e9roule dans les locaux du CMHT en session priv\u00e9e \u00e0 condition de pouvoir convoquer un minimum de 10 candidats.<br \/>\nSous la surveillance d\u2019un examinateur de l\u2019ANFR.<br \/>\nIl consiste en un QCM de 20 questions :<\/span><\/p>\n<p class=\"texte\" style=\"text-align: justify;\"><span style=\"color: #000000;\">&#8211; Module 1 g\u00e9n\u00e9ralit\u00e9 du Service Mobile Maritime 6 questions<br \/>\n&#8211; Module 2 Radiot\u00e9l\u00e9phonie V.H.F. 6 questions<br \/>\n&#8211; Module 3 Utilisation pratique de VHF ASN 8 questions<\/span><\/p>\n<p class=\"texte\" style=\"text-align: justify;\"><span style=\"color: #000000;\">Le candidat doit obtenir la moyenne \u00e0 chacun des modules pour l\u2019obtention du CRR.<\/span><\/p>\n<p class=\"texte\" style=\"text-align: justify;\"><span style=\"color: #000000;\"><br \/>\nIl n\u2019existe pas d\u2019anales pour ces QCM mais le formateur a pr\u00e9vu des examens blancs en cours de formation.<\/span><\/p>\n","protected":false},"excerpt":{"rendered":"<p>Cette formation est exclusivement r\u00e9serv\u00e9 aux membres du C.M.H.T. INSCRIPTIONS Au secr\u00e9tariat du CMHT T\u00e9l : 05 59 20 03 02 PREPARATION A L\u2019EXAMEN DU C.R.R. Cette formation est purement th\u00e9orique. Les cours se d\u00e9roulent dans les locaux du CMHT et d\u00e9butent le premier vendredi du mois d\u2019avril. La dur\u00e9e moyenne de cette formation est &hellip; <\/p>\n<p class=\"link-more\"><a href=\"https:\/\/www.cmht.asso.fr\/index.php\/certificat-restreint-de-radiotelephoniste\/\" class=\"more-link\">Lire la suite de<span class=\"screen-reader-text\">\u00ab\u00a0Certificat restreint de radiot\u00e9l\u00e9phoniste\u00a0\u00bb<\/span><\/a><\/p>\n","protected":false},"author":1,"featured_media":0,"parent":0,"menu_order":0,"comment_status":"closed","ping_status":"closed","template":"","meta":{"footnotes":""},"class_list":["post-47","page","type-page","status-publish","hentry"],"_links":{"self":[{"href":"https:\/\/www.cmht.asso.fr\/index.php\/wp-json\/wp\/v2\/pages\/47","targetHints":{"allow":["GET"]}}],"collection":[{"href":"https:\/\/www.cmht.asso.fr\/index.php\/wp-json\/wp\/v2\/pages"}],"about":[{"href":"https:\/\/www.cmht.asso.fr\/index.php\/wp-json\/wp\/v2\/types\/page"}],"author":[{"embeddable":true,"href":"https:\/\/www.cmht.asso.fr\/index.php\/wp-json\/wp\/v2\/users\/1"}],"replies":[{"embeddable":true,"href":"https:\/\/www.cmht.asso.fr\/index.php\/wp-json\/wp\/v2\/comments?post=47"}],"version-history":[{"count":3,"href":"https:\/\/www.cmht.asso.fr\/index.php\/wp-json\/wp\/v2\/pages\/47\/revisions"}],"predecessor-version":[{"id":416,"href":"https:\/\/www.cmht.asso.fr\/index.php\/wp-json\/wp\/v2\/pages\/47\/revisions\/416"}],"wp:attachment":[{"href":"https:\/\/www.cmht.asso.fr\/index.php\/wp-json\/wp\/v2\/media?parent=47"}],"curies":[{"name":"wp","href":"https:\/\/api.w.org\/{rel}","templated":true}]}}