{"id":420,"date":"2017-03-04T15:07:03","date_gmt":"2017-03-04T14:07:03","guid":{"rendered":"http:\/\/www.cmht.asso.fr\/?page_id=420"},"modified":"2021-07-23T10:35:44","modified_gmt":"2021-07-23T08:35:44","slug":"cotisations-peche","status":"publish","type":"page","link":"https:\/\/www.cmht.asso.fr\/index.php\/cotisations-peche\/","title":{"rendered":"Cotisations p\u00eache"},"content":{"rendered":"<h4><strong>Cotisations annuelles\u00a0:<\/strong><\/h4>\n<table width=\"338\">\n<tbody>\n<tr>\n<td width=\"258\">Membre section p\u00eache (dont carte et assurance FFPM)<\/td>\n<td width=\"80\">46,00 \u20ac<\/td>\n<\/tr>\n<tr>\n<td>Ecole de p\u00eache (d\u00e8s septembre) (dont carte et assurance FFPM)<\/td>\n<td>10,00 \u20ac<\/td>\n<\/tr>\n<tr>\n<td>Forfait utilisation bateau de p\u00eache<\/td>\n<td>60,00 \u20ac<\/td>\n<\/tr>\n<tr>\n<td>\n<h4>Sorties bateau<\/h4>\n<\/td>\n<td><\/td>\n<\/tr>\n<tr>\n<td>\n<h6>* adh\u00e9rents\u00a0(au droit d&rsquo;utilisation bateau de p\u00eache)<\/h6>\n<\/td>\n<td><\/td>\n<\/tr>\n<tr>\n<td>sortie c\u00f4ti\u00e8re<\/td>\n<td>20,00 \u20ac<\/td>\n<\/tr>\n<tr>\n<td>sortie hauturi\u00e8re<\/td>\n<td>20,00 \u20ac + participation en gazole<\/td>\n<\/tr>\n<tr>\n<td>\n<h6>*\u00a0non adh\u00e9rents<\/h6>\n<\/td>\n<td><\/td>\n<\/tr>\n<tr>\n<td>sortie c\u00f4ti\u00e8re<\/td>\n<td>35,00 \u20ac<\/td>\n<\/tr>\n<tr>\n<td>sortie hauturi\u00e8re<\/td>\n<td>130 \u20ac (panier pique nique fournit)<\/td>\n<\/tr>\n<\/tbody>\n<\/table>\n<p>les sorties c\u00f4ti\u00e8res\u00a0: 1\/2 journ\u00e9e et 4\/5 personnes pilote compris<\/p>\n<p>les sorties hauturi\u00e8re\u00a0: journ\u00e9e enti\u00e8re et 4\/5 personnes pilote compris<\/p>\n","protected":false},"excerpt":{"rendered":"<p>Cotisations annuelles\u00a0: Membre section p\u00eache (dont carte et assurance FFPM) 46,00 \u20ac Ecole de p\u00eache (d\u00e8s septembre) (dont carte et assurance FFPM) 10,00 \u20ac Forfait utilisation bateau de p\u00eache 60,00 \u20ac Sorties bateau * adh\u00e9rents\u00a0(au droit d&rsquo;utilisation bateau de p\u00eache) sortie c\u00f4ti\u00e8re 20,00 \u20ac sortie hauturi\u00e8re 20,00 \u20ac + participation en gazole *\u00a0non adh\u00e9rents sortie &hellip; <\/p>\n<p class=\"link-more\"><a href=\"https:\/\/www.cmht.asso.fr\/index.php\/cotisations-peche\/\" class=\"more-link\">Lire la suite de<span class=\"screen-reader-text\">\u00ab\u00a0Cotisations p\u00eache\u00a0\u00bb<\/span><\/a><\/p>\n","protected":false},"author":1,"featured_media":0,"parent":0,"menu_order":0,"comment_status":"closed","ping_status":"closed","template":"","meta":{"footnotes":""},"class_list":["post-420","page","type-page","status-publish","hentry"],"_links":{"self":[{"href":"https:\/\/www.cmht.asso.fr\/index.php\/wp-json\/wp\/v2\/pages\/420","targetHints":{"allow":["GET"]}}],"collection":[{"href":"https:\/\/www.cmht.asso.fr\/index.php\/wp-json\/wp\/v2\/pages"}],"about":[{"href":"https:\/\/www.cmht.asso.fr\/index.php\/wp-json\/wp\/v2\/types\/page"}],"author":[{"embeddable":true,"href":"https:\/\/www.cmht.asso.fr\/index.php\/wp-json\/wp\/v2\/users\/1"}],"replies":[{"embeddable":true,"href":"https:\/\/www.cmht.asso.fr\/index.php\/wp-json\/wp\/v2\/comments?post=420"}],"version-history":[{"count":9,"href":"https:\/\/www.cmht.asso.fr\/index.php\/wp-json\/wp\/v2\/pages\/420\/revisions"}],"predecessor-version":[{"id":1201,"href":"https:\/\/www.cmht.asso.fr\/index.php\/wp-json\/wp\/v2\/pages\/420\/revisions\/1201"}],"wp:attachment":[{"href":"https:\/\/www.cmht.asso.fr\/index.php\/wp-json\/wp\/v2\/media?parent=420"}],"curies":[{"name":"wp","href":"https:\/\/api.w.org\/{rel}","templated":true}]}}