{"id":355,"date":"2017-02-06T11:56:17","date_gmt":"2017-02-06T10:56:17","guid":{"rendered":"http:\/\/www.cmht.asso.fr\/?page_id=355"},"modified":"2025-03-12T14:18:30","modified_gmt":"2025-03-12T13:18:30","slug":"le-bureau-du-cmht","status":"publish","type":"page","link":"https:\/\/www.cmht.asso.fr\/index.php\/le-bureau-du-cmht\/","title":{"rendered":"le bureau du cmht"},"content":{"rendered":"<p><span style=\"color: #444444;\"><span style=\"font-family: Arial, Helvetica, sans-serif;\"><span style=\"font-size: small;\"><span style=\"font-size: large;\"><b>Pr\u00e9sident : <\/b><\/span><span style=\"font-size: large;\">Be\u00f1at RUIZ<\/span><\/span><\/span><\/span><\/p>\n<p><span style=\"color: #444444;\"><span style=\"font-family: Arial, Helvetica, sans-serif;\"><span style=\"font-size: small;\"><span style=\"font-size: large;\"><b>Vice Pr\u00e9sident <\/b><\/span><span style=\"font-size: large;\">: Philippe CAZALIS<\/span><\/span><\/span><\/span><\/p>\n<p><span style=\"color: #444444;\"><span style=\"font-family: Arial, Helvetica, sans-serif;\"><span style=\"font-size: small;\"><span style=\"font-size: large;\"><b>Tr\u00e9sorier : <\/b><\/span><span style=\"font-size: large;\">Pierre VEPER<\/span><\/span><\/span><\/span><\/p>\n<p><span style=\"color: #444444;\"><span style=\"font-family: Arial, Helvetica, sans-serif;\"><span style=\"font-size: small;\"><span style=\"font-size: large;\"><b>Tr\u00e9sorier Adjoint : <\/b><\/span><span style=\"font-size: large;\">Francis LATARCHE en charge des relations avec les assurances<\/span><\/span><\/span><\/span><\/p>\n<p><span style=\"color: #444444;\"><span style=\"font-family: Arial, Helvetica, sans-serif;\"><span style=\"font-size: small;\"><span style=\"font-size: large;\"><b>Secr\u00e9taire : <\/b><\/span><span style=\"font-size: large;\">Didier MENU<\/span><\/span><\/span><\/span><\/p>\n<p><span style=\"color: #444444;\"><span style=\"font-family: Arial, Helvetica, sans-serif;\"><span style=\"font-size: small;\"><span style=\"font-size: large;\"><b>Secr\u00e9taire Adjoint : <\/b><\/span><span style=\"font-size: large;\">Caroline HOUNIEU<\/span><\/span><\/span><\/span><\/p>\n<p><span style=\"color: #444444;\"><span style=\"font-family: Arial, Helvetica, sans-serif;\"><span style=\"font-size: small;\"><span style=\"font-size: large;\"><b>Responsables S\u00e9curit\u00e9 : <\/b><\/span><span style=\"font-size: large;\">Philippe CAZALIS \u2013 Daniel MULOT<\/span><\/span><\/span><\/span><\/p>\n<p><span style=\"color: #444444;\"><span style=\"font-family: Arial, Helvetica, sans-serif;\"><span style=\"font-size: small;\"><span style=\"font-size: large;\"><b>Responsable Environnement du plan d\u2019eau : <\/b><\/span><span style=\"font-size: large;\">Piarres MARTIARENA<\/span><\/span><\/span><\/span><\/p>\n<p><span style=\"color: #444444;\"><span style=\"font-family: Arial, Helvetica, sans-serif;\"><span style=\"font-size: large;\"><b>Responsable \u00e9criture \/ suivi de l\u2019application de la convention CMHT\/Voiles d\u2019Hendaye : <\/b><\/span><\/span><span style=\"font-family: Arial, Helvetica, sans-serif;\"><span style=\"font-size: large;\">Pierre VEPER<\/span><\/span><\/span><\/p>\n<p><span style=\"color: #444444;\"><span style=\"font-family: Arial, Helvetica, sans-serif;\"><span style=\"font-size: small;\"><span style=\"font-size: large;\"><b>Communication : <\/b><\/span><span style=\"font-size: large;\">Charley LEVY<\/span><\/span><\/span><\/span><\/p>\n<h4><strong>\u00a0<\/strong><\/h4>\n","protected":false},"excerpt":{"rendered":"<p>Pr\u00e9sident : Be\u00f1at RUIZ Vice Pr\u00e9sident : Philippe CAZALIS Tr\u00e9sorier : Pierre VEPER Tr\u00e9sorier Adjoint : Francis LATARCHE en charge des relations avec les assurances Secr\u00e9taire : Didier MENU Secr\u00e9taire Adjoint : Caroline HOUNIEU Responsables S\u00e9curit\u00e9 : Philippe CAZALIS \u2013 Daniel MULOT Responsable Environnement du plan d\u2019eau : Piarres MARTIARENA Responsable \u00e9criture \/ suivi de &hellip; <\/p>\n<p class=\"link-more\"><a href=\"https:\/\/www.cmht.asso.fr\/index.php\/le-bureau-du-cmht\/\" class=\"more-link\">Lire la suite de<span class=\"screen-reader-text\">\u00ab\u00a0le bureau du cmht\u00a0\u00bb<\/span><\/a><\/p>\n","protected":false},"author":1,"featured_media":1684,"parent":0,"menu_order":0,"comment_status":"closed","ping_status":"closed","template":"","meta":{"footnotes":""},"class_list":["post-355","page","type-page","status-publish","has-post-thumbnail","hentry"],"_links":{"self":[{"href":"https:\/\/www.cmht.asso.fr\/index.php\/wp-json\/wp\/v2\/pages\/355","targetHints":{"allow":["GET"]}}],"collection":[{"href":"https:\/\/www.cmht.asso.fr\/index.php\/wp-json\/wp\/v2\/pages"}],"about":[{"href":"https:\/\/www.cmht.asso.fr\/index.php\/wp-json\/wp\/v2\/types\/page"}],"author":[{"embeddable":true,"href":"https:\/\/www.cmht.asso.fr\/index.php\/wp-json\/wp\/v2\/users\/1"}],"replies":[{"embeddable":true,"href":"https:\/\/www.cmht.asso.fr\/index.php\/wp-json\/wp\/v2\/comments?post=355"}],"version-history":[{"count":22,"href":"https:\/\/www.cmht.asso.fr\/index.php\/wp-json\/wp\/v2\/pages\/355\/revisions"}],"predecessor-version":[{"id":1807,"href":"https:\/\/www.cmht.asso.fr\/index.php\/wp-json\/wp\/v2\/pages\/355\/revisions\/1807"}],"wp:featuredmedia":[{"embeddable":true,"href":"https:\/\/www.cmht.asso.fr\/index.php\/wp-json\/wp\/v2\/media\/1684"}],"wp:attachment":[{"href":"https:\/\/www.cmht.asso.fr\/index.php\/wp-json\/wp\/v2\/media?parent=355"}],"curies":[{"name":"wp","href":"https:\/\/api.w.org\/{rel}","templated":true}]}}