{"id":247,"date":"2016-12-21T15:46:00","date_gmt":"2016-12-21T14:46:00","guid":{"rendered":"http:\/\/www.cmht.asso.fr\/?page_id=247"},"modified":"2024-01-05T19:21:02","modified_gmt":"2024-01-05T18:21:02","slug":"section-peche-2","status":"publish","type":"page","link":"https:\/\/www.cmht.asso.fr\/index.php\/section-peche-2\/","title":{"rendered":"Activit\u00e9 p\u00eache"},"content":{"rendered":"\n<h2 class=\"wp-block-heading\"><b>Une activit\u00e9 p\u00eache dynamique et conviviale.<\/b><\/h2>\n\n\n\n<p>L&rsquo;activit\u00e9 compte environ 150 adh\u00e9rents (tous licenci\u00e9s) dont environ 2\/3 sont propri\u00e9taires de bateaux.<\/p>\n\n\n\n<p>Un calendrier de formation est propos\u00e9 en ad\u00e9quation avec la p\u00eache de la p\u00e9riode.<\/p>\n\n\n\n<p>Ainsi chaque premier samedi du mois ce sont une vingtaine de personnes qui se retrouvent autour de techniques de p\u00eache \u00e0 soutenir, en d\u00e9rive, s\u00e9curit\u00e9 en mer, \u00e9pissures, mouillages\u2026<\/p>\n\n\n\n<p>Cet apprentissage est alors mis en pratique par des sorties en mer et la participation \u00e0 la dizaine de concours propos\u00e9s sur l\u2019ann\u00e9e (vive, dorade, chipiron, thonid\u00e9s, bonite\u2026)<\/p>\n\n\n\n<figure class=\"wp-block-image alignleft\"><img loading=\"lazy\" decoding=\"async\" width=\"300\" height=\"204\" src=\"https:\/\/www.cmht.asso.fr\/wp-content\/uploads\/2016\/12\/08_peche-300x204.jpg\" alt=\"\" class=\"wp-image-252\" srcset=\"https:\/\/www.cmht.asso.fr\/wp-content\/uploads\/2016\/12\/08_peche-300x204.jpg 300w, https:\/\/www.cmht.asso.fr\/wp-content\/uploads\/2016\/12\/08_peche.jpg 426w\" sizes=\"auto, (max-width: 300px) 100vw, 300px\" \/><\/figure>\n\n\n\n<p>Les formations et les concours sont toujours suivis d\u2019un repas convivial permettant la rencontre entre p\u00eacheurs et le partage de savoirs des participants.<\/p>\n\n\n\n<p>Chaque ann\u00e9e, le Troph\u00e9e G\u00e9n\u00e9rali (thonid\u00e9s) interclubs est v\u00e9cu comme un moment de f\u00eate pour l&rsquo;activit\u00e9 p\u00eache. C\u2019est l\u2019occasion de rassembler bon nombre de comp\u00e9titeurs qui se connaissent en mer \u00e0 travers les \u00e9changes radio et qui l\u00e0, peuvent se rencontrer et partager autour du m\u00e9choui qui cl\u00f4ture le concours.<\/p>\n\n\n\n<p>Sous la houlette du responsable de l\u2019\u00e9cole de p\u00eache, et de son \u00e9quipe de&nbsp; moniteurs, les jeunes (filles et gar\u00e7ons) se r\u00e9unissent le 2\u00e8me et 3\u00e8me dimanches de chaque mois.<\/p>\n\n\n\n<p>Ils profitent ainsi soit de formation en salle&nbsp;: montage de bas de ligne, information sur faune flore et environnement, v\u00e9rification du mat\u00e9riel\u2026 soit de sorties de p\u00eache en mer pour mettre en pratique les apports th\u00e9oriques.<\/p>\n\n\n\n<p>Ils participent r\u00e9guli\u00e8rement aux concours adultes et \u00e0 des comp\u00e9titions jeunes entre le CMHT et l\u2019YCAA (FFPS).<\/p>\n\n\n\n<p>Nous nous attachons \u00e0 faire de notre activit\u00e9 un lieu de d\u00e9couverte, d\u2019apprentissage, d\u2019\u00e9changes et de partage mais surtout un espace convivial ou chacun peut trouver sa place.<\/p>\n\n\n\n<p>Toutes les activit\u00e9s sont possibles gr\u00e2ce au travail des b\u00e9n\u00e9voles et nous les en remercions.<\/p>\n","protected":false},"excerpt":{"rendered":"<p>Une activit\u00e9 p\u00eache dynamique et conviviale. L&rsquo;activit\u00e9 compte environ 150 adh\u00e9rents (tous licenci\u00e9s) dont environ 2\/3 sont propri\u00e9taires de bateaux. Un calendrier de formation est propos\u00e9 en ad\u00e9quation avec la p\u00eache de la p\u00e9riode. Ainsi chaque premier samedi du mois ce sont une vingtaine de personnes qui se retrouvent autour de techniques de p\u00eache \u00e0 &hellip; <\/p>\n<p class=\"link-more\"><a href=\"https:\/\/www.cmht.asso.fr\/index.php\/section-peche-2\/\" class=\"more-link\">Lire la suite de<span class=\"screen-reader-text\">\u00ab\u00a0Activit\u00e9 p\u00eache\u00a0\u00bb<\/span><\/a><\/p>\n","protected":false},"author":1,"featured_media":1713,"parent":0,"menu_order":0,"comment_status":"closed","ping_status":"closed","template":"","meta":{"footnotes":""},"class_list":["post-247","page","type-page","status-publish","has-post-thumbnail","hentry"],"_links":{"self":[{"href":"https:\/\/www.cmht.asso.fr\/index.php\/wp-json\/wp\/v2\/pages\/247","targetHints":{"allow":["GET"]}}],"collection":[{"href":"https:\/\/www.cmht.asso.fr\/index.php\/wp-json\/wp\/v2\/pages"}],"about":[{"href":"https:\/\/www.cmht.asso.fr\/index.php\/wp-json\/wp\/v2\/types\/page"}],"author":[{"embeddable":true,"href":"https:\/\/www.cmht.asso.fr\/index.php\/wp-json\/wp\/v2\/users\/1"}],"replies":[{"embeddable":true,"href":"https:\/\/www.cmht.asso.fr\/index.php\/wp-json\/wp\/v2\/comments?post=247"}],"version-history":[{"count":15,"href":"https:\/\/www.cmht.asso.fr\/index.php\/wp-json\/wp\/v2\/pages\/247\/revisions"}],"predecessor-version":[{"id":1798,"href":"https:\/\/www.cmht.asso.fr\/index.php\/wp-json\/wp\/v2\/pages\/247\/revisions\/1798"}],"wp:featuredmedia":[{"embeddable":true,"href":"https:\/\/www.cmht.asso.fr\/index.php\/wp-json\/wp\/v2\/media\/1713"}],"wp:attachment":[{"href":"https:\/\/www.cmht.asso.fr\/index.php\/wp-json\/wp\/v2\/media?parent=247"}],"curies":[{"name":"wp","href":"https:\/\/api.w.org\/{rel}","templated":true}]}}