{"id":1745,"date":"2024-01-05T11:26:47","date_gmt":"2024-01-05T10:26:47","guid":{"rendered":"https:\/\/www.cmht.asso.fr\/?page_id=1745"},"modified":"2024-01-05T15:39:53","modified_gmt":"2024-01-05T14:39:53","slug":"meteo-2","status":"publish","type":"page","link":"https:\/\/www.cmht.asso.fr\/index.php\/meteo-2\/","title":{"rendered":"M\u00e9t\u00e9o"},"content":{"rendered":"\n<figure class=\"wp-block-table aligncenter is-style-stripes\"><table><tbody><tr><td><a href=\"http:\/\/meteofrance.com\/previsions-meteo-marine\/cotes\/cote-pays-basque\/0056600\" target=\"_blank\" rel=\"noreferrer noopener\"><img loading=\"lazy\" decoding=\"async\" width=\"75\" height=\"75\" class=\"wp-image-1754\" style=\"width: 75px;\" src=\"https:\/\/www.cmht.asso.fr\/wp-content\/uploads\/2024\/01\/meteo.F-2.jpg\" alt=\"\"><\/a><\/td><td><span style=\"color: #000080;\"><strong>M\u00e9t\u00e9o c\u00f4te Pays Basque<\/strong><\/span><\/td><\/tr><tr><td><a href=\"http:\/\/marine.meteoconsult.fr\/meteo-marine\/meteo-abords-du-port\/ocean-atlantique\/previsions-meteo-hendaye-116-0.php\" target=\"_blank\" rel=\"noreferrer noopener\"><img loading=\"lazy\" decoding=\"async\" width=\"75\" height=\"75\" class=\"wp-image-1760\" style=\"width: 75px;\" src=\"https:\/\/www.cmht.asso.fr\/wp-content\/uploads\/2024\/01\/meteo.C.jpg\" alt=\"\"><\/a><\/td><td><span style=\"color: #000080;\"><strong>M\u00e9t\u00e9o \u00e0 Hendaye<\/strong><\/span><\/td><\/tr><tr><td><a href=\"http:\/\/infoclimat.fr\/observations-meteo\/temps-reel\/san-sebastian-fuenterrabia\/08029.html\" target=\"_blank\" rel=\"noreferrer noopener\"><img loading=\"lazy\" decoding=\"async\" width=\"75\" height=\"75\" class=\"wp-image-1762\" style=\"width: 75px;\" src=\"https:\/\/www.cmht.asso.fr\/wp-content\/uploads\/2024\/01\/info.Clim_.jpg\" alt=\"\"><\/a><\/td><td><span style=\"color: #000080;\"><strong>M\u00e9t\u00e9o en temps r\u00e9el \u00e0 Hondarribia<\/strong><\/span><\/td><\/tr><\/tbody><\/table><\/figure>\n","protected":false},"excerpt":{"rendered":"<p>M\u00e9t\u00e9o c\u00f4te Pays Basque M\u00e9t\u00e9o \u00e0 Hendaye M\u00e9t\u00e9o en temps r\u00e9el \u00e0 Hondarribia<\/p>\n","protected":false},"author":1,"featured_media":1512,"parent":0,"menu_order":0,"comment_status":"closed","ping_status":"closed","template":"","meta":{"footnotes":""},"class_list":["post-1745","page","type-page","status-publish","has-post-thumbnail","hentry"],"_links":{"self":[{"href":"https:\/\/www.cmht.asso.fr\/index.php\/wp-json\/wp\/v2\/pages\/1745","targetHints":{"allow":["GET"]}}],"collection":[{"href":"https:\/\/www.cmht.asso.fr\/index.php\/wp-json\/wp\/v2\/pages"}],"about":[{"href":"https:\/\/www.cmht.asso.fr\/index.php\/wp-json\/wp\/v2\/types\/page"}],"author":[{"embeddable":true,"href":"https:\/\/www.cmht.asso.fr\/index.php\/wp-json\/wp\/v2\/users\/1"}],"replies":[{"embeddable":true,"href":"https:\/\/www.cmht.asso.fr\/index.php\/wp-json\/wp\/v2\/comments?post=1745"}],"version-history":[{"count":11,"href":"https:\/\/www.cmht.asso.fr\/index.php\/wp-json\/wp\/v2\/pages\/1745\/revisions"}],"predecessor-version":[{"id":1768,"href":"https:\/\/www.cmht.asso.fr\/index.php\/wp-json\/wp\/v2\/pages\/1745\/revisions\/1768"}],"wp:featuredmedia":[{"embeddable":true,"href":"https:\/\/www.cmht.asso.fr\/index.php\/wp-json\/wp\/v2\/media\/1512"}],"wp:attachment":[{"href":"https:\/\/www.cmht.asso.fr\/index.php\/wp-json\/wp\/v2\/media?parent=1745"}],"curies":[{"name":"wp","href":"https:\/\/api.w.org\/{rel}","templated":true}]}}