{"id":115,"date":"2016-12-14T18:00:36","date_gmt":"2016-12-14T17:00:36","guid":{"rendered":"http:\/\/127.0.0.1\/cmht\/?page_id=115"},"modified":"2016-12-23T10:19:30","modified_gmt":"2016-12-23T09:19:30","slug":"presentation","status":"publish","type":"page","link":"https:\/\/www.cmht.asso.fr\/index.php\/presentation\/","title":{"rendered":"Pr\u00e9sentation"},"content":{"rendered":"<p style=\"text-align: justify;\">Le <strong>Club Maritime Hendaye Txingudi<\/strong> a pour but la pratique de la navigation de plaisance sous toutes ses formes et l&rsquo;encouragement aux sports nautiques en g\u00e9n\u00e9ral.<\/p>\n<p style=\"text-align: justify;\">Il regroupe actuellement, plusieurs centaines de membres des diff\u00e9rentes sections, r\u00e9partis entre les mouillages de la baie de Txingudi et le port de plaisance de Sokoburu.<\/p>\n<p style=\"text-align: justify;\">Il est agr\u00e9e par le Minist\u00e8re de la jeunesse et des sports n\u00b0 105017 et poss\u00e8de deux sections sportives :<br \/>\n&#8211; La p\u00eache en mer affili\u00e9e \u00e0 la FFPM sous le n\u00b0 0564392<br \/>\n&#8211; La voile affili\u00e9e \u00e0 la FFV sous le n\u00b0 0964003<\/p>\n<p style=\"text-align: justify;\">Il jouit d&rsquo;un plan d\u2019eau, la baie de Txingudi, en partie r\u00e9serv\u00e9e aux mouillages, et ouverte sur l\u2019oc\u00e9an Atlantique par la baie de FONTARABIE. Cet espace maritime est partag\u00e9 avec nos voisins et amis Basques, des ports de p\u00eache et de plaisance d&rsquo;HONDARRIBIA. Il permet la pratique de la voile, de la p\u00eache et des sports nautiques en g\u00e9n\u00e9ral.<img loading=\"lazy\" decoding=\"async\" class=\"size-medium wp-image-276 alignright\" src=\"https:\/\/www.cmht.asso.fr\/wp-content\/uploads\/2016\/12\/Baie_T-300x203.jpg\" alt=\"\" width=\"300\" height=\"203\" srcset=\"https:\/\/www.cmht.asso.fr\/wp-content\/uploads\/2016\/12\/Baie_T-300x203.jpg 300w, https:\/\/www.cmht.asso.fr\/wp-content\/uploads\/2016\/12\/Baie_T.jpg 600w\" sizes=\"auto, (max-width: 300px) 100vw, 300px\" \/><\/p>\n<p style=\"text-align: justify;\">Les mouillages de Txingudi sont prot\u00e9g\u00e9s de la houle de l\u2019oc\u00e9an et des forts vents d\u2019ouest et de nord.<\/p>\n<p style=\"text-align: justify;\">La capacit\u00e9 \u00e0 s\u2019adapter aux humeurs de l\u2019oc\u00e9an, \u00e0 la m\u00e9t\u00e9o, \u00e0 l\u2019\u00e2ge et au niveau technique des participants, constitue une des bases de nos activit\u00e9s. Dans chaque section des b\u00e9n\u00e9voles mettent au service de la collectivit\u00e9 leur exp\u00e9rience et leur savoir, \u0153uvrant ainsi \u00e0 former, aider et encadrer les membres du club.<\/p>\n<p style=\"text-align: justify;\">Les deux sections sportives (voile et p\u00eache en mer) sont \u00e0 l\u2019origine d\u2019\u00e9v\u00e9nements nautiques de qualit\u00e9. Elles organisent des r\u00e9gates, concours de p\u00eache, rallyes nautiques.<\/p>\n<p style=\"text-align: justify;\">Une action importante existe \u00e9galement dans le domaine de la formation avec notamment une \u00e9cole f\u00e9d\u00e9rale de p\u00eache agr\u00e9\u00e9e ( n\u00b0 EP 05054) qui fonctionne hors saison avec des scolaires des communes d\u2019HENDAYE, URRUGNE, BIRIATOU (minimes, cadets, juniors) et en saison avec des jeunes en vacances dans la r\u00e9gion : camps d&rsquo;adolescents, comit\u00e9s d&rsquo;entreprise, colonie de vacances, etc\u2026<\/p>\n<p style=\"text-align: justify;\">Le CMHT organise \u00e9galement :<\/p>\n<ul>\n<li style=\"text-align: justify;\">des journ\u00e9es d\u00e9couvertes et de sensibilisation au patrimoine marin de HENDAYE et de la c\u00f4te basque ;<\/li>\n<li style=\"text-align: justify;\">des cours de pr\u00e9paration aux divers permis bateau &#8211; c\u00f4tier, hauturier ;<\/li>\n<li style=\"text-align: justify;\">des cours de pr\u00e9paration au certificat restreint de radiot\u00e9l\u00e9phoniste.<\/li>\n<\/ul>\n","protected":false},"excerpt":{"rendered":"<p>Le Club Maritime Hendaye Txingudi a pour but la pratique de la navigation de plaisance sous toutes ses formes et l&rsquo;encouragement aux sports nautiques en g\u00e9n\u00e9ral. Il regroupe actuellement, plusieurs centaines de membres des diff\u00e9rentes sections, r\u00e9partis entre les mouillages de la baie de Txingudi et le port de plaisance de Sokoburu. Il est agr\u00e9e &hellip; <\/p>\n<p class=\"link-more\"><a href=\"https:\/\/www.cmht.asso.fr\/index.php\/presentation\/\" class=\"more-link\">Lire la suite de<span class=\"screen-reader-text\">\u00ab\u00a0Pr\u00e9sentation\u00a0\u00bb<\/span><\/a><\/p>\n","protected":false},"author":1,"featured_media":0,"parent":0,"menu_order":0,"comment_status":"closed","ping_status":"closed","template":"","meta":{"footnotes":""},"class_list":["post-115","page","type-page","status-publish","hentry"],"_links":{"self":[{"href":"https:\/\/www.cmht.asso.fr\/index.php\/wp-json\/wp\/v2\/pages\/115","targetHints":{"allow":["GET"]}}],"collection":[{"href":"https:\/\/www.cmht.asso.fr\/index.php\/wp-json\/wp\/v2\/pages"}],"about":[{"href":"https:\/\/www.cmht.asso.fr\/index.php\/wp-json\/wp\/v2\/types\/page"}],"author":[{"embeddable":true,"href":"https:\/\/www.cmht.asso.fr\/index.php\/wp-json\/wp\/v2\/users\/1"}],"replies":[{"embeddable":true,"href":"https:\/\/www.cmht.asso.fr\/index.php\/wp-json\/wp\/v2\/comments?post=115"}],"version-history":[{"count":2,"href":"https:\/\/www.cmht.asso.fr\/index.php\/wp-json\/wp\/v2\/pages\/115\/revisions"}],"predecessor-version":[{"id":278,"href":"https:\/\/www.cmht.asso.fr\/index.php\/wp-json\/wp\/v2\/pages\/115\/revisions\/278"}],"wp:attachment":[{"href":"https:\/\/www.cmht.asso.fr\/index.php\/wp-json\/wp\/v2\/media?parent=115"}],"curies":[{"name":"wp","href":"https:\/\/api.w.org\/{rel}","templated":true}]}}