{"id":111,"date":"2016-12-14T17:56:26","date_gmt":"2016-12-14T16:56:26","guid":{"rendered":"http:\/\/127.0.0.1\/cmht\/?page_id=111"},"modified":"2024-01-05T16:01:57","modified_gmt":"2024-01-05T15:01:57","slug":"permis-cotier","status":"publish","type":"page","link":"https:\/\/www.cmht.asso.fr\/index.php\/permis-cotier\/","title":{"rendered":"Permis c\u00f4tier"},"content":{"rendered":"<p><span style=\"font-family: Inter, sans-serif;\"><span style=\"font-size: medium;\"><span style=\"color: #444444;\">Le permis c\u00f4tier comprend un examen th\u00e9orique de 30 questions avec un maximum de 5 fautes.<\/span><\/span><\/span><\/p>\n<p><span style=\"font-family: Inter, sans-serif;\"><span style=\"font-size: medium;\"><span style=\"color: #444444;\">La formation dure 2 jours, une journ\u00e9e pour la th\u00e9orie et une journ\u00e9e sur le bateau en situation.<\/span><\/span><\/span><\/p>\n<p><span style=\"font-family: Inter, sans-serif;\"><span style=\"font-size: medium;\"><span style=\"color: #444444;\">Chaque candidat re\u00e7oit un manuel et un e-Learning.<\/span><\/span><\/span><\/p>\n<p><span style=\"font-family: Inter, sans-serif;\"><span style=\"font-size: medium;\"><span style=\"color: #444444;\">Les membres du club b\u00e9n\u00e9ficient d\u2019un tarif sp\u00e9cifique aupr\u00e8s du formateur.<\/span><\/span><\/span><\/p>\n<p><span style=\"color: #444444;\"><span style=\"font-family: Inter, sans-serif;\"><span style=\"font-size: medium;\">Pour tout renseignement vous pouvez contacter <\/span><\/span><\/span><span style=\"color: #444444;\"><span style=\"font-family: Inter, sans-serif;\"><span style=\"font-size: medium;\">le<\/span><\/span><\/span><span style=\"color: #444444;\"><span style=\"font-family: Inter, sans-serif;\"><span style=\"font-size: medium;\"> secr\u00e9tariat du CMHT au 05.59.20.03.02.<\/span><\/span><\/span><\/p>\n<p><span style=\"color: #444444;\"><span style=\"font-family: Inter, sans-serif;\"><span style=\"font-size: medium;\"><b><strong>Pour les inscriptions<\/strong><\/b><\/span><\/span><\/span><span style=\"color: #444444;\"><span style=\"font-family: Inter, sans-serif;\"><span style=\"font-size: medium;\">, prendre contact directement avec le formateur <\/span><\/span><\/span><\/p>\n<p><strong><span style=\"color: #444444;\"><span style=\"font-family: Inter, sans-serif;\"><span style=\"font-size: medium;\">DAVID CHEVALIER 06.82.90.33.96<\/span><\/span><\/span><\/strong><\/p>\n","protected":false},"excerpt":{"rendered":"<p>Le permis c\u00f4tier comprend un examen th\u00e9orique de 30 questions avec un maximum de 5 fautes. La formation dure 2 jours, une journ\u00e9e pour la th\u00e9orie et une journ\u00e9e sur le bateau en situation. Chaque candidat re\u00e7oit un manuel et un e-Learning. Les membres du club b\u00e9n\u00e9ficient d\u2019un tarif sp\u00e9cifique aupr\u00e8s du formateur. Pour tout &hellip; <\/p>\n<p class=\"link-more\"><a href=\"https:\/\/www.cmht.asso.fr\/index.php\/permis-cotier\/\" class=\"more-link\">Lire la suite de<span class=\"screen-reader-text\">\u00ab\u00a0Permis c\u00f4tier\u00a0\u00bb<\/span><\/a><\/p>\n","protected":false},"author":1,"featured_media":249,"parent":0,"menu_order":0,"comment_status":"closed","ping_status":"closed","template":"","meta":{"footnotes":""},"class_list":["post-111","page","type-page","status-publish","has-post-thumbnail","hentry"],"_links":{"self":[{"href":"https:\/\/www.cmht.asso.fr\/index.php\/wp-json\/wp\/v2\/pages\/111","targetHints":{"allow":["GET"]}}],"collection":[{"href":"https:\/\/www.cmht.asso.fr\/index.php\/wp-json\/wp\/v2\/pages"}],"about":[{"href":"https:\/\/www.cmht.asso.fr\/index.php\/wp-json\/wp\/v2\/types\/page"}],"author":[{"embeddable":true,"href":"https:\/\/www.cmht.asso.fr\/index.php\/wp-json\/wp\/v2\/users\/1"}],"replies":[{"embeddable":true,"href":"https:\/\/www.cmht.asso.fr\/index.php\/wp-json\/wp\/v2\/comments?post=111"}],"version-history":[{"count":8,"href":"https:\/\/www.cmht.asso.fr\/index.php\/wp-json\/wp\/v2\/pages\/111\/revisions"}],"predecessor-version":[{"id":1728,"href":"https:\/\/www.cmht.asso.fr\/index.php\/wp-json\/wp\/v2\/pages\/111\/revisions\/1728"}],"wp:featuredmedia":[{"embeddable":true,"href":"https:\/\/www.cmht.asso.fr\/index.php\/wp-json\/wp\/v2\/media\/249"}],"wp:attachment":[{"href":"https:\/\/www.cmht.asso.fr\/index.php\/wp-json\/wp\/v2\/media?parent=111"}],"curies":[{"name":"wp","href":"https:\/\/api.w.org\/{rel}","templated":true}]}}